{"id":33223,"date":"2023-01-05T08:28:05","date_gmt":"2023-01-05T07:28:05","guid":{"rendered":"https:\/\/digital-inflatables.ch\/produkte\/"},"modified":"2025-01-07T21:54:22","modified_gmt":"2025-01-07T20:54:22","slug":"produkte","status":"publish","type":"page","link":"https:\/\/digital-inflatables.ch\/de\/produkte\/","title":{"rendered":"Produkte"},"content":{"rendered":"\t\t<div data-elementor-type=\"wp-post\" data-elementor-id=\"33223\" class=\"elementor elementor-33223 elementor-29430\">\n\t\t\t\t\t\t<section class=\"elementor-section elementor-top-section elementor-element elementor-element-e30ee16 elementor-section-content-middle elementor-section-boxed elementor-section-height-default elementor-section-height-default\" data-id=\"e30ee16\" data-element_type=\"section\" data-settings=\"{&quot;background_background&quot;:&quot;classic&quot;}\">\n\t\t\t\t\t\t\t<div class=\"elementor-background-overlay\"><\/div>\n\t\t\t\t\t\t\t<div class=\"elementor-container elementor-column-gap-no\">\n\t\t\t\t\t<div class=\"elementor-column elementor-col-100 elementor-top-column elementor-element elementor-element-3c2878f\" data-id=\"3c2878f\" data-element_type=\"column\">\n\t\t\t<div class=\"elementor-widget-wrap elementor-element-populated\">\n\t\t\t\t\t\t<div class=\"elementor-element elementor-element-85d504b elementor-widget elementor-widget-heading\" data-id=\"85d504b\" data-element_type=\"widget\" data-widget_type=\"heading.default\">\n\t\t\t\t<div class=\"elementor-widget-container\">\n\t\t\t\t\t<h6 class=\"elementor-heading-title elementor-size-default\">Unsere Produktkategorien<\/h6>\t\t\t\t<\/div>\n\t\t\t\t<\/div>\n\t\t\t\t<div class=\"elementor-element elementor-element-d3e98ed elementor-widget elementor-widget-heading\" data-id=\"d3e98ed\" data-element_type=\"widget\" data-widget_type=\"heading.default\">\n\t\t\t\t<div class=\"elementor-widget-container\">\n\t\t\t\t\t<h1 class=\"elementor-heading-title elementor-size-default\">Produkte<\/h1>\t\t\t\t<\/div>\n\t\t\t\t<\/div>\n\t\t\t\t\t<\/div>\n\t\t<\/div>\n\t\t\t\t\t<\/div>\n\t\t<\/section>\n\t\t\t\t<section class=\"elementor-section elementor-top-section elementor-element elementor-element-689dd35 elementor-section-content-middle elementor-section-boxed elementor-section-height-default elementor-section-height-default\" data-id=\"689dd35\" data-element_type=\"section\">\n\t\t\t\t\t\t<div class=\"elementor-container elementor-column-gap-no\">\n\t\t\t\t\t<div class=\"elementor-column elementor-col-100 elementor-top-column elementor-element elementor-element-e43ad80\" data-id=\"e43ad80\" data-element_type=\"column\">\n\t\t\t<div class=\"elementor-widget-wrap elementor-element-populated\">\n\t\t\t\t\t\t<div class=\"elementor-element elementor-element-e45ac2d elementor-widget elementor-widget-heading\" data-id=\"e45ac2d\" data-element_type=\"widget\" data-widget_type=\"heading.default\">\n\t\t\t\t<div class=\"elementor-widget-container\">\n\t\t\t\t\t<h6 class=\"elementor-heading-title elementor-size-default\">Kategorien<\/h6>\t\t\t\t<\/div>\n\t\t\t\t<\/div>\n\t\t\t\t<div class=\"elementor-element elementor-element-32e2fb6 elementor-widget elementor-widget-heading\" data-id=\"32e2fb6\" data-element_type=\"widget\" data-widget_type=\"heading.default\">\n\t\t\t\t<div class=\"elementor-widget-container\">\n\t\t\t\t\t<h2 class=\"elementor-heading-title elementor-size-default\">Konkrete Antworten<br>auf Ihre Bed\u00fcrfnisse<\/h2>\t\t\t\t<\/div>\n\t\t\t\t<\/div>\n\t\t\t\t<div class=\"elementor-element elementor-element-275d91f elementor-widget elementor-widget-text-editor\" data-id=\"275d91f\" data-element_type=\"widget\" data-widget_type=\"text-editor.default\">\n\t\t\t\t<div class=\"elementor-widget-container\">\n\t\t\t\t\t\t\t\t\t<p>Unsere Flexibilit\u00e4t erf\u00fcllt alle Bed\u00fcrfnisse<\/p>\n\t\t\t\t\t\t\t\t<\/div>\n\t\t\t\t<\/div>\n\t\t\t\t<section class=\"elementor-section elementor-inner-section elementor-element elementor-element-21e0443 elementor-section-boxed elementor-section-height-default elementor-section-height-default\" data-id=\"21e0443\" data-element_type=\"section\">\n\t\t\t\t\t\t<div class=\"elementor-container elementor-column-gap-no\">\n\t\t\t\t\t<div class=\"elementor-column elementor-col-50 elementor-inner-column elementor-element elementor-element-d0d4f8d\" data-id=\"d0d4f8d\" data-element_type=\"column\" data-settings=\"{&quot;background_background&quot;:&quot;classic&quot;}\">\n\t\t\t<div class=\"elementor-widget-wrap elementor-element-populated\">\n\t\t\t\t\t<div class=\"elementor-background-overlay\"><\/div>\n\t\t\t\t\t\t<div class=\"elementor-element elementor-element-8e7b37c elementor-position-top elementor-widget elementor-widget-image-box\" data-id=\"8e7b37c\" data-element_type=\"widget\" data-widget_type=\"image-box.default\">\n\t\t\t\t<div class=\"elementor-widget-container\">\n\t\t\t\t\t<div class=\"elementor-image-box-wrapper\"><figure class=\"elementor-image-box-img\"><a href=\"https:\/\/digital-inflatables.ch\/grandes-structures-3d\/\" tabindex=\"-1\"><img fetchpriority=\"high\" decoding=\"async\" width=\"202\" height=\"300\" src=\"https:\/\/digital-inflatables.ch\/wp-content\/uploads\/2024\/12\/bear__64_-removebg-preview-202x300.png\" class=\"attachment-medium size-medium wp-image-33091\" alt=\"\" srcset=\"https:\/\/digital-inflatables.ch\/wp-content\/uploads\/2024\/12\/bear__64_-removebg-preview-202x300.png 202w, https:\/\/digital-inflatables.ch\/wp-content\/uploads\/2024\/12\/bear__64_-removebg-preview.png 410w\" sizes=\"(max-width: 202px) 100vw, 202px\" \/><\/a><\/figure><div class=\"elementor-image-box-content\"><h3 class=\"elementor-image-box-title\"><a href=\"https:\/\/digital-inflatables.ch\/grandes-structures-3d\/\">Gro\u00dfe 3D-Strukturen<\/a><\/h3><p class=\"elementor-image-box-description\">Die 3D-Formen Ihrer Tr\u00e4ume von 2 Metern bis 50 Metern, von Einzelst\u00fccken bis hin zu kleinen Serien (bis zu 200 St\u00fcck), mit einer Struktur aus bel\u00fcftetem Nylonstoff. <\/p><\/div><\/div>\t\t\t\t<\/div>\n\t\t\t\t<\/div>\n\t\t\t\t\t<\/div>\n\t\t<\/div>\n\t\t\t\t<div class=\"elementor-column elementor-col-50 elementor-inner-column elementor-element elementor-element-7ecb946\" data-id=\"7ecb946\" data-element_type=\"column\" data-settings=\"{&quot;background_background&quot;:&quot;classic&quot;}\">\n\t\t\t<div class=\"elementor-widget-wrap elementor-element-populated\">\n\t\t\t\t\t<div class=\"elementor-background-overlay\"><\/div>\n\t\t\t\t\t\t<div class=\"elementor-element elementor-element-48bb4bd elementor-position-top elementor-widget elementor-widget-image-box\" data-id=\"48bb4bd\" data-element_type=\"widget\" data-widget_type=\"image-box.default\">\n\t\t\t\t<div class=\"elementor-widget-container\">\n\t\t\t\t\t<div class=\"elementor-image-box-wrapper\"><figure class=\"elementor-image-box-img\"><a href=\"https:\/\/digital-inflatables.ch\/petite-plv-gonflable\/\" tabindex=\"-1\"><img decoding=\"async\" width=\"225\" height=\"300\" src=\"https:\/\/digital-inflatables.ch\/wp-content\/uploads\/2024\/12\/Photoroom_20241223_170724-225x300.jpg\" class=\"attachment-medium size-medium wp-image-33024\" alt=\"\" srcset=\"https:\/\/digital-inflatables.ch\/wp-content\/uploads\/2024\/12\/Photoroom_20241223_170724-225x300.jpg 225w, https:\/\/digital-inflatables.ch\/wp-content\/uploads\/2024\/12\/Photoroom_20241223_170724-768x1024.jpg 768w, https:\/\/digital-inflatables.ch\/wp-content\/uploads\/2024\/12\/Photoroom_20241223_170724.jpg 810w\" sizes=\"(max-width: 225px) 100vw, 225px\" loading=\"lazy\" \/><\/a><\/figure><div class=\"elementor-image-box-content\"><h3 class=\"elementor-image-box-title\"><a href=\"https:\/\/digital-inflatables.ch\/petite-plv-gonflable\/\">Petite PLV Gonflable<\/a><\/h3><p class=\"elementor-image-box-description\">Aufblasbare Produktnachbildungen \u2013 Die 3D-Formen Ihrer Tr\u00e4ume von 30 Zentimetern bis 150 Zentimetern, von Einzelst\u00fccken bis hin zu sehr gro\u00dfen Serien (bis zu 100'000 St\u00fcck), mit einer Struktur aus PVC oder PU, geschlossenem Luftsystem.<\/p><\/div><\/div>\t\t\t\t<\/div>\n\t\t\t\t<\/div>\n\t\t\t\t\t<\/div>\n\t\t<\/div>\n\t\t\t\t\t<\/div>\n\t\t<\/section>\n\t\t\t\t\t<\/div>\n\t\t<\/div>\n\t\t\t\t\t<\/div>\n\t\t<\/section>\n\t\t\t\t<section class=\"elementor-section elementor-top-section elementor-element elementor-element-320691a elementor-section-content-middle elementor-section-boxed elementor-section-height-default elementor-section-height-default\" data-id=\"320691a\" data-element_type=\"section\" data-settings=\"{&quot;background_background&quot;:&quot;classic&quot;}\">\n\t\t\t\t\t\t\t<div class=\"elementor-background-overlay\"><\/div>\n\t\t\t\t\t\t\t<div class=\"elementor-container elementor-column-gap-no\">\n\t\t\t\t\t<div class=\"elementor-column elementor-col-100 elementor-top-column elementor-element elementor-element-28380b3\" data-id=\"28380b3\" data-element_type=\"column\">\n\t\t\t<div class=\"elementor-widget-wrap elementor-element-populated\">\n\t\t\t\t\t\t<div class=\"elementor-element elementor-element-55c89a9 elementor-widget elementor-widget-heading\" data-id=\"55c89a9\" data-element_type=\"widget\" data-widget_type=\"heading.default\">\n\t\t\t\t<div class=\"elementor-widget-container\">\n\t\t\t\t\t<h6 class=\"elementor-heading-title elementor-size-default\">Aufblasbare Strukturen<\/h6>\t\t\t\t<\/div>\n\t\t\t\t<\/div>\n\t\t\t\t<div class=\"elementor-element elementor-element-ea83612 elementor-widget elementor-widget-heading\" data-id=\"ea83612\" data-element_type=\"widget\" data-widget_type=\"heading.default\">\n\t\t\t\t<div class=\"elementor-widget-container\">\n\t\t\t\t\t<h2 class=\"elementor-heading-title elementor-size-default\">Ein bestimmtes Projekt?<\/h2>\t\t\t\t<\/div>\n\t\t\t\t<\/div>\n\t\t\t\t<div class=\"elementor-element elementor-element-c99300e elementor-widget elementor-widget-text-editor\" data-id=\"c99300e\" data-element_type=\"widget\" data-widget_type=\"text-editor.default\">\n\t\t\t\t<div class=\"elementor-widget-container\">\n\t\t\t\t\t\t\t\t\t<p>Wir sind nur eine E-Mail oder einen Telefonanruf entfernt!<\/p>\n\t\t\t\t\t\t\t\t<\/div>\n\t\t\t\t<\/div>\n\t\t\t\t<div class=\"elementor-element elementor-element-631fa48 elementor-align-center elementor-mobile-align-center elementor-widget elementor-widget-button\" data-id=\"631fa48\" data-element_type=\"widget\" data-widget_type=\"button.default\">\n\t\t\t\t<div class=\"elementor-widget-container\">\n\t\t\t\t\t\t\t\t\t<div class=\"elementor-button-wrapper\">\n\t\t\t\t\t<a class=\"elementor-button elementor-button-link elementor-size-md\" href=\"#\">\n\t\t\t\t\t\t<span class=\"elementor-button-content-wrapper\">\n\t\t\t\t\t\t\t\t\t<span class=\"elementor-button-text\">Fordern Sie ein Angebot an<\/span>\n\t\t\t\t\t<\/span>\n\t\t\t\t\t<\/a>\n\t\t\t\t<\/div>\n\t\t\t\t\t\t\t\t<\/div>\n\t\t\t\t<\/div>\n\t\t\t\t\t<\/div>\n\t\t<\/div>\n\t\t\t\t\t<\/div>\n\t\t<\/section>\n\t\t\t\t<\/div>\n\t\t","protected":false},"excerpt":{"rendered":"<p>Unsere Produktkategorien Produkte Kategorien Konkrete Antwortenauf Ihre Bed\u00fcrfnisse Unsere Flexibilit\u00e4t erf\u00fcllt alle Bed\u00fcrfnisse Gro\u00dfe 3D-Strukturen Die 3D-Formen Ihrer Tr\u00e4ume von [&hellip;]<\/p>\n","protected":false},"author":1,"featured_media":0,"parent":0,"menu_order":0,"comment_status":"closed","ping_status":"closed","template":"","meta":{"site-sidebar-layout":"default","site-content-layout":"page-builder","ast-site-content-layout":"","site-content-style":"default","site-sidebar-style":"default","ast-global-header-display":"","ast-banner-title-visibility":"","ast-main-header-display":"","ast-hfb-above-header-display":"","ast-hfb-below-header-display":"","ast-hfb-mobile-header-display":"","site-post-title":"disabled","ast-breadcrumbs-content":"","ast-featured-img":"disabled","footer-sml-layout":"","theme-transparent-header-meta":"enabled","adv-header-id-meta":"","stick-header-meta":"","header-above-stick-meta":"","header-main-stick-meta":"","header-below-stick-meta":"","astra-migrate-meta-layouts":"default","ast-page-background-enabled":"default","ast-page-background-meta":{"desktop":{"background-color":"","background-image":"","background-repeat":"repeat","background-position":"center center","background-size":"auto","background-attachment":"scroll","background-type":"","background-media":"","overlay-type":"","overlay-color":"","overlay-opacity":"","overlay-gradient":""},"tablet":{"background-color":"","background-image":"","background-repeat":"repeat","background-position":"center center","background-size":"auto","background-attachment":"scroll","background-type":"","background-media":"","overlay-type":"","overlay-color":"","overlay-opacity":"","overlay-gradient":""},"mobile":{"background-color":"","background-image":"","background-repeat":"repeat","background-position":"center center","background-size":"auto","background-attachment":"scroll","background-type":"","background-media":"","overlay-type":"","overlay-color":"","overlay-opacity":"","overlay-gradient":""}},"ast-content-background-meta":{"desktop":{"background-color":"var(--ast-global-color-5)","background-image":"","background-repeat":"repeat","background-position":"center center","background-size":"auto","background-attachment":"scroll","background-type":"","background-media":"","overlay-type":"","overlay-color":"","overlay-opacity":"","overlay-gradient":""},"tablet":{"background-color":"var(--ast-global-color-5)","background-image":"","background-repeat":"repeat","background-position":"center center","background-size":"auto","background-attachment":"scroll","background-type":"","background-media":"","overlay-type":"","overlay-color":"","overlay-opacity":"","overlay-gradient":""},"mobile":{"background-color":"var(--ast-global-color-5)","background-image":"","background-repeat":"repeat","background-position":"center center","background-size":"auto","background-attachment":"scroll","background-type":"","background-media":"","overlay-type":"","overlay-color":"","overlay-opacity":"","overlay-gradient":""}},"footnotes":""},"class_list":["post-33223","page","type-page","status-publish","hentry"],"yoast_head":"<!-- This site is optimized with the Yoast SEO plugin v24.3 - https:\/\/yoast.com\/wordpress\/plugins\/seo\/ -->\n<title>Produkte - Digital Inflatables<\/title>\n<meta name=\"robots\" content=\"index, follow, max-snippet:-1, max-image-preview:large, max-video-preview:-1\" \/>\n<link rel=\"canonical\" href=\"https:\/\/digital-inflatables.ch\/de\/produkte\/\" \/>\n<meta property=\"og:locale\" content=\"de_DE\" \/>\n<meta property=\"og:type\" content=\"article\" \/>\n<meta property=\"og:title\" content=\"Produkte - Digital Inflatables\" \/>\n<meta property=\"og:description\" content=\"Unsere Produktkategorien Produkte Kategorien Konkrete Antwortenauf Ihre Bed\u00fcrfnisse Unsere Flexibilit\u00e4t erf\u00fcllt alle Bed\u00fcrfnisse Gro\u00dfe 3D-Strukturen Die 3D-Formen Ihrer Tr\u00e4ume von [&hellip;]\" \/>\n<meta property=\"og:url\" content=\"https:\/\/digital-inflatables.ch\/de\/produkte\/\" \/>\n<meta property=\"og:site_name\" content=\"Digital Inflatables\" \/>\n<meta property=\"article:publisher\" content=\"https:\/\/www.facebook.com\/digitalinflatables\/\" \/>\n<meta property=\"article:modified_time\" content=\"2025-01-07T20:54:22+00:00\" \/>\n<meta property=\"og:image\" content=\"https:\/\/digital-inflatables.ch\/wp-content\/uploads\/2024\/12\/bear__64_-removebg-preview.png\" \/>\n\t<meta property=\"og:image:width\" content=\"410\" \/>\n\t<meta property=\"og:image:height\" content=\"608\" \/>\n\t<meta property=\"og:image:type\" content=\"image\/png\" \/>\n<meta name=\"twitter:card\" content=\"summary_large_image\" \/>\n<meta name=\"twitter:label1\" content=\"Gesch\u00e4tzte Lesezeit\" \/>\n\t<meta name=\"twitter:data1\" content=\"1\u00a0Minute\" \/>\n<script type=\"application\/ld+json\" class=\"yoast-schema-graph\">{\"@context\":\"https:\/\/schema.org\",\"@graph\":[{\"@type\":\"WebPage\",\"@id\":\"https:\/\/digital-inflatables.ch\/de\/produkte\/\",\"url\":\"https:\/\/digital-inflatables.ch\/de\/produkte\/\",\"name\":\"Produkte - Digital Inflatables\",\"isPartOf\":{\"@id\":\"https:\/\/digital-inflatables.ch\/de\/#website\"},\"primaryImageOfPage\":{\"@id\":\"https:\/\/digital-inflatables.ch\/de\/produkte\/#primaryimage\"},\"image\":{\"@id\":\"https:\/\/digital-inflatables.ch\/de\/produkte\/#primaryimage\"},\"thumbnailUrl\":\"https:\/\/digital-inflatables.ch\/wp-content\/uploads\/2024\/12\/bear__64_-removebg-preview-202x300.png\",\"datePublished\":\"2023-01-05T07:28:05+00:00\",\"dateModified\":\"2025-01-07T20:54:22+00:00\",\"breadcrumb\":{\"@id\":\"https:\/\/digital-inflatables.ch\/de\/produkte\/#breadcrumb\"},\"inLanguage\":\"de\",\"potentialAction\":[{\"@type\":\"ReadAction\",\"target\":[\"https:\/\/digital-inflatables.ch\/de\/produkte\/\"]}]},{\"@type\":\"ImageObject\",\"inLanguage\":\"de\",\"@id\":\"https:\/\/digital-inflatables.ch\/de\/produkte\/#primaryimage\",\"url\":\"https:\/\/digital-inflatables.ch\/wp-content\/uploads\/2024\/12\/bear__64_-removebg-preview-202x300.png\",\"contentUrl\":\"https:\/\/digital-inflatables.ch\/wp-content\/uploads\/2024\/12\/bear__64_-removebg-preview-202x300.png\"},{\"@type\":\"BreadcrumbList\",\"@id\":\"https:\/\/digital-inflatables.ch\/de\/produkte\/#breadcrumb\",\"itemListElement\":[{\"@type\":\"ListItem\",\"position\":1,\"name\":\"Accueil\",\"item\":\"https:\/\/digital-inflatables.ch\/de\/home\/\"},{\"@type\":\"ListItem\",\"position\":2,\"name\":\"Produkte\"}]},{\"@type\":\"WebSite\",\"@id\":\"https:\/\/digital-inflatables.ch\/de\/#website\",\"url\":\"https:\/\/digital-inflatables.ch\/de\/\",\"name\":\"Digital Inflatables\",\"description\":\"Conception et fabrication de structures gonflables\",\"publisher\":{\"@id\":\"https:\/\/digital-inflatables.ch\/de\/#organization\"},\"potentialAction\":[{\"@type\":\"SearchAction\",\"target\":{\"@type\":\"EntryPoint\",\"urlTemplate\":\"https:\/\/digital-inflatables.ch\/de\/?s={search_term_string}\"},\"query-input\":{\"@type\":\"PropertyValueSpecification\",\"valueRequired\":true,\"valueName\":\"search_term_string\"}}],\"inLanguage\":\"de\"},{\"@type\":\"Organization\",\"@id\":\"https:\/\/digital-inflatables.ch\/de\/#organization\",\"name\":\"Digital Inflatables\",\"url\":\"https:\/\/digital-inflatables.ch\/de\/\",\"logo\":{\"@type\":\"ImageObject\",\"inLanguage\":\"de\",\"@id\":\"https:\/\/digital-inflatables.ch\/de\/#\/schema\/logo\/image\/\",\"url\":\"https:\/\/www.digital-inflatables.ch\/wp-content\/uploads\/2022\/12\/cropped-logodigital-inflatables-e1576667282309-6.png\",\"contentUrl\":\"https:\/\/www.digital-inflatables.ch\/wp-content\/uploads\/2022\/12\/cropped-logodigital-inflatables-e1576667282309-6.png\",\"width\":440,\"height\":93,\"caption\":\"Digital Inflatables\"},\"image\":{\"@id\":\"https:\/\/digital-inflatables.ch\/de\/#\/schema\/logo\/image\/\"},\"sameAs\":[\"https:\/\/www.facebook.com\/digitalinflatables\/\",\"https:\/\/www.youtube.com\/channel\/UCrFKKzLqFnuKfsPdp0qKLRQ\",\"https:\/\/www.instagram.com\/digitalinflatables\/?hl=fr\"]}]}<\/script>\n<!-- \/ Yoast SEO plugin. -->","yoast_head_json":{"title":"Produkte - Digital Inflatables","robots":{"index":"index","follow":"follow","max-snippet":"max-snippet:-1","max-image-preview":"max-image-preview:large","max-video-preview":"max-video-preview:-1"},"canonical":"https:\/\/digital-inflatables.ch\/de\/produkte\/","og_locale":"de_DE","og_type":"article","og_title":"Produkte - Digital Inflatables","og_description":"Unsere Produktkategorien Produkte Kategorien Konkrete Antwortenauf Ihre Bed\u00fcrfnisse Unsere Flexibilit\u00e4t erf\u00fcllt alle Bed\u00fcrfnisse Gro\u00dfe 3D-Strukturen Die 3D-Formen Ihrer Tr\u00e4ume von [&hellip;]","og_url":"https:\/\/digital-inflatables.ch\/de\/produkte\/","og_site_name":"Digital Inflatables","article_publisher":"https:\/\/www.facebook.com\/digitalinflatables\/","article_modified_time":"2025-01-07T20:54:22+00:00","og_image":[{"width":410,"height":608,"url":"https:\/\/digital-inflatables.ch\/wp-content\/uploads\/2024\/12\/bear__64_-removebg-preview.png","type":"image\/png"}],"twitter_card":"summary_large_image","twitter_misc":{"Gesch\u00e4tzte Lesezeit":"1\u00a0Minute"},"schema":{"@context":"https:\/\/schema.org","@graph":[{"@type":"WebPage","@id":"https:\/\/digital-inflatables.ch\/de\/produkte\/","url":"https:\/\/digital-inflatables.ch\/de\/produkte\/","name":"Produkte - Digital Inflatables","isPartOf":{"@id":"https:\/\/digital-inflatables.ch\/de\/#website"},"primaryImageOfPage":{"@id":"https:\/\/digital-inflatables.ch\/de\/produkte\/#primaryimage"},"image":{"@id":"https:\/\/digital-inflatables.ch\/de\/produkte\/#primaryimage"},"thumbnailUrl":"https:\/\/digital-inflatables.ch\/wp-content\/uploads\/2024\/12\/bear__64_-removebg-preview-202x300.png","datePublished":"2023-01-05T07:28:05+00:00","dateModified":"2025-01-07T20:54:22+00:00","breadcrumb":{"@id":"https:\/\/digital-inflatables.ch\/de\/produkte\/#breadcrumb"},"inLanguage":"de","potentialAction":[{"@type":"ReadAction","target":["https:\/\/digital-inflatables.ch\/de\/produkte\/"]}]},{"@type":"ImageObject","inLanguage":"de","@id":"https:\/\/digital-inflatables.ch\/de\/produkte\/#primaryimage","url":"https:\/\/digital-inflatables.ch\/wp-content\/uploads\/2024\/12\/bear__64_-removebg-preview-202x300.png","contentUrl":"https:\/\/digital-inflatables.ch\/wp-content\/uploads\/2024\/12\/bear__64_-removebg-preview-202x300.png"},{"@type":"BreadcrumbList","@id":"https:\/\/digital-inflatables.ch\/de\/produkte\/#breadcrumb","itemListElement":[{"@type":"ListItem","position":1,"name":"Accueil","item":"https:\/\/digital-inflatables.ch\/de\/home\/"},{"@type":"ListItem","position":2,"name":"Produkte"}]},{"@type":"WebSite","@id":"https:\/\/digital-inflatables.ch\/de\/#website","url":"https:\/\/digital-inflatables.ch\/de\/","name":"Digital Inflatables","description":"Conception et fabrication de structures gonflables","publisher":{"@id":"https:\/\/digital-inflatables.ch\/de\/#organization"},"potentialAction":[{"@type":"SearchAction","target":{"@type":"EntryPoint","urlTemplate":"https:\/\/digital-inflatables.ch\/de\/?s={search_term_string}"},"query-input":{"@type":"PropertyValueSpecification","valueRequired":true,"valueName":"search_term_string"}}],"inLanguage":"de"},{"@type":"Organization","@id":"https:\/\/digital-inflatables.ch\/de\/#organization","name":"Digital Inflatables","url":"https:\/\/digital-inflatables.ch\/de\/","logo":{"@type":"ImageObject","inLanguage":"de","@id":"https:\/\/digital-inflatables.ch\/de\/#\/schema\/logo\/image\/","url":"https:\/\/www.digital-inflatables.ch\/wp-content\/uploads\/2022\/12\/cropped-logodigital-inflatables-e1576667282309-6.png","contentUrl":"https:\/\/www.digital-inflatables.ch\/wp-content\/uploads\/2022\/12\/cropped-logodigital-inflatables-e1576667282309-6.png","width":440,"height":93,"caption":"Digital Inflatables"},"image":{"@id":"https:\/\/digital-inflatables.ch\/de\/#\/schema\/logo\/image\/"},"sameAs":["https:\/\/www.facebook.com\/digitalinflatables\/","https:\/\/www.youtube.com\/channel\/UCrFKKzLqFnuKfsPdp0qKLRQ","https:\/\/www.instagram.com\/digitalinflatables\/?hl=fr"]}]}},"_links":{"self":[{"href":"https:\/\/digital-inflatables.ch\/de\/wp-json\/wp\/v2\/pages\/33223","targetHints":{"allow":["GET"]}}],"collection":[{"href":"https:\/\/digital-inflatables.ch\/de\/wp-json\/wp\/v2\/pages"}],"about":[{"href":"https:\/\/digital-inflatables.ch\/de\/wp-json\/wp\/v2\/types\/page"}],"author":[{"embeddable":true,"href":"https:\/\/digital-inflatables.ch\/de\/wp-json\/wp\/v2\/users\/1"}],"replies":[{"embeddable":true,"href":"https:\/\/digital-inflatables.ch\/de\/wp-json\/wp\/v2\/comments?post=33223"}],"version-history":[{"count":0,"href":"https:\/\/digital-inflatables.ch\/de\/wp-json\/wp\/v2\/pages\/33223\/revisions"}],"wp:attachment":[{"href":"https:\/\/digital-inflatables.ch\/de\/wp-json\/wp\/v2\/media?parent=33223"}],"curies":[{"name":"wp","href":"https:\/\/api.w.org\/{rel}","templated":true}]}}